{"id":112,"date":"2021-01-17T11:46:11","date_gmt":"2021-01-17T11:46:11","guid":{"rendered":"https:\/\/sozialsupport.wordpress.com\/?page_id=112"},"modified":"2021-04-13T19:19:48","modified_gmt":"2021-04-13T19:19:48","slug":"verein","status":"publish","type":"page","link":"https:\/\/sozial-support.ch\/index.php\/verein\/","title":{"rendered":"Wer wir sind"},"content":{"rendered":"\n<div class=\"wp-block-cover alignfull\" style=\"min-height:400px;aspect-ratio:unset;\"><img loading=\"lazy\" decoding=\"async\" width=\"2560\" height=\"1164\" class=\"wp-block-cover__image-background wp-image-51\" alt=\"\" src=\"https:\/\/www.sozial-support.ch\/wp-content\/uploads\/2021\/01\/matthew-waring-mjaoiige14e-unsplash-kopie-scaled.jpg\" style=\"object-position:83% 65%\" data-object-fit=\"cover\" data-object-position=\"83% 65%\" srcset=\"https:\/\/sozial-support.ch\/wp-content\/uploads\/2021\/01\/matthew-waring-mjaoiige14e-unsplash-kopie-scaled.jpg 2560w, https:\/\/sozial-support.ch\/wp-content\/uploads\/2021\/01\/matthew-waring-mjaoiige14e-unsplash-kopie-300x136.jpg 300w, https:\/\/sozial-support.ch\/wp-content\/uploads\/2021\/01\/matthew-waring-mjaoiige14e-unsplash-kopie-1024x466.jpg 1024w, https:\/\/sozial-support.ch\/wp-content\/uploads\/2021\/01\/matthew-waring-mjaoiige14e-unsplash-kopie-768x349.jpg 768w, https:\/\/sozial-support.ch\/wp-content\/uploads\/2021\/01\/matthew-waring-mjaoiige14e-unsplash-kopie-1536x698.jpg 1536w, https:\/\/sozial-support.ch\/wp-content\/uploads\/2021\/01\/matthew-waring-mjaoiige14e-unsplash-kopie-2048x931.jpg 2048w\" sizes=\"auto, (max-width: 2560px) 100vw, 2560px\" \/><div class=\"wp-block-cover__inner-container is-layout-flow wp-block-cover-is-layout-flow\">\n<p class=\"has-text-align-center has-large-font-size\"><\/p>\n<\/div><\/div>\n\n\n\n<div style=\"height:40px\" aria-hidden=\"true\" class=\"wp-block-spacer\"><\/div>\n\n\n\n<div class=\"wp-block-group alignfull has-foreground-color has-background-background-color has-text-color has-background\"><div class=\"wp-block-group__inner-container is-layout-flow wp-block-group-is-layout-flow\">\n<div class=\"wp-block-jetpack-layout-grid alignfull column1-desktop-grid__span-2 column1-desktop-grid__start-4 column1-desktop-grid__row-1 column2-desktop-grid__span-4 column2-desktop-grid__start-6 column2-desktop-grid__row-1 column1-tablet-grid__span-4 column1-tablet-grid__row-1 column2-tablet-grid__span-4 column2-tablet-grid__start-5 column2-tablet-grid__row-1 column1-mobile-grid__span-4 column1-mobile-grid__row-1 column2-mobile-grid__span-4 column2-mobile-grid__row-2\">\n<div class=\"wp-block-jetpack-layout-grid-column wp-block-jetpack-layout-grid__padding-none\">\n<h4 class=\"has-text-align-left has-text-color wp-block-heading\" style=\"color:#04728e\">Unser Zweck<\/h4>\n<\/div>\n\n\n\n<div class=\"wp-block-jetpack-layout-grid-column wp-block-jetpack-layout-grid__padding-none\">\n<p>Der Verein bezweckt die Unterst\u00fctzung und Beratung im psycho-sozialen Bereich, vorab im Sozialversicherungsbereich. Angesprochen sind Einwohner- und Einwohnerinnen des Kantons Solothurn. Bewohnende der restlichen Schweiz werden bei Bedarf und M\u00f6glichkeit auch unterst\u00fctzt. Im Weiteren werden Fachpersonen in sozialversicherungsrelevanten Fragen beraten. Angesprochen sind insbesondere Haus\u00e4rztinnen und Haus\u00e4rzte, Psychologinnen und Psychologen, Psychiaterinnen und Psychiater. Ein drittes Anliegen widmet sich der Edukation und Pr\u00e4vention in sozialversicherungsrelevanten Fragen, etwa f\u00fcr Mitarbeitende im Gesundheitsbereich. Der Verein Sozial Support pflegt auch ein Vereinsleben im Rahmen von \u00abZu sich selber Sorge tragen\u00bb. Wirtschaftliche Hilfe wird durch den Verein nicht geleistet.<\/p>\n\n\n\n<div style=\"height:25px\" aria-hidden=\"true\" class=\"wp-block-spacer\"><\/div>\n<\/div>\n<\/div>\n\n\n\n<div class=\"wp-block-jetpack-layout-grid alignfull column1-desktop-grid__span-2 column1-desktop-grid__start-4 column1-desktop-grid__row-1 column2-desktop-grid__span-4 column2-desktop-grid__start-6 column2-desktop-grid__row-1 column1-tablet-grid__span-4 column1-tablet-grid__row-1 column2-tablet-grid__span-4 column2-tablet-grid__start-5 column2-tablet-grid__row-1 column1-mobile-grid__span-4 column1-mobile-grid__row-1 column2-mobile-grid__span-4 column2-mobile-grid__row-2\">\n<div class=\"wp-block-jetpack-layout-grid-column wp-block-jetpack-layout-grid__padding-none\">\n<h4 class=\"has-text-color wp-block-heading\" style=\"color:#04728e\">Mitgliedschaft<\/h4>\n<\/div>\n\n\n\n<div class=\"wp-block-jetpack-layout-grid-column wp-block-jetpack-layout-grid__padding-none\">\n<p>Der Verein setzt sich aus Mitgliedern zusammen, welche ideell f\u00fcr die Vereinsidee einstehen und sich allenfalls in der Vorstandsarbeit engagieren. Die Mitgliedschaft ist kostenlos.<br>Die Aufnahme von Neumitgliedern kann jederzeit erfolgen. Entsprechende Gesuche sind an den Vorstand zu richten und der n\u00e4chsten Mitgliederversammlung zur Gutheissung oder Ablehnung zu unterbreiten.<\/p>\n\n\n\n<p>Die Beratungst\u00e4tigkeit wird durch ausgebildete Fachpersonen ehrenamtlich durchgef\u00fchrt. Diese sind interdisziplin\u00e4r aufgestellt und halten sich, ihrer Fachdisziplin entsprechend, an ethische Richtlinien. Datenschutzbestimmungen werden strikte eingehalten. Fachpersonen verf\u00fcgen \u00fcber Wissensbest\u00e4nde zu m\u00f6glichen Traumatisierungen der Hilfesuchenden und pflegen einen entsprechenden Umgang.<\/p>\n\n\n\n<p>Der Austritt aus dem Verein ist per Ende Vereinsjahr m\u00f6glich.<\/p>\n\n\n\n<div style=\"height:25px\" aria-hidden=\"true\" class=\"wp-block-spacer\"><\/div>\n<\/div>\n<\/div>\n\n\n\n<div class=\"wp-block-jetpack-layout-grid alignfull column1-desktop-grid__span-2 column1-desktop-grid__start-4 column1-desktop-grid__row-1 column2-desktop-grid__span-4 column2-desktop-grid__start-6 column2-desktop-grid__row-1 column1-tablet-grid__span-4 column1-tablet-grid__row-1 column2-tablet-grid__span-4 column2-tablet-grid__start-5 column2-tablet-grid__row-1 column1-mobile-grid__span-4 column1-mobile-grid__row-1 column2-mobile-grid__span-4 column2-mobile-grid__row-2\">\n<div class=\"wp-block-jetpack-layout-grid-column wp-block-jetpack-layout-grid__padding-none\">\n<h3 class=\"has-text-color wp-block-heading\" style=\"color:#04728e\">Organisation<\/h3>\n<\/div>\n\n\n\n<div class=\"wp-block-jetpack-layout-grid-column wp-block-jetpack-layout-grid__padding-none\">\n<p>Pr\u00e4sident: Tobias Schalk<br>Aktuarin: Eva Schalk<\/p>\n\n\n\n<div class=\"wp-block-file\"><a href=\"https:\/\/www.sozial-support.ch\/wp-content\/uploads\/2021\/01\/statuten-des-vereins-sozial-support.pdf\" target=\"_blank\" rel=\"noreferrer noopener\">Statuten<\/a><\/div>\n<\/div>\n<\/div>\n\n\n\n<p><\/p>\n<\/div><\/div>\n\n\n\n<p><\/p>\n","protected":false},"excerpt":{"rendered":"<p>Unser Zweck Der Verein bezweckt die Unterst\u00fctzung und Beratung im psycho-sozialen Bereich, vorab im Sozialversicherungsbereich. Angesprochen sind Einwohner- und Einwohnerinnen des Kantons Solothurn. Bewohnende der restlichen Schweiz werden bei Bedarf und M\u00f6glichkeit auch unterst\u00fctzt. Im Weiteren werden Fachpersonen in sozialversicherungsrelevanten Fragen beraten. Angesprochen sind insbesondere Haus\u00e4rztinnen und Haus\u00e4rzte, Psychologinnen und Psychologen, Psychiaterinnen und Psychiater. Ein&hellip;&nbsp;<a href=\"https:\/\/sozial-support.ch\/index.php\/verein\/\" rel=\"bookmark\">Weiterlesen &raquo;<span class=\"screen-reader-text\">Wer wir sind<\/span><\/a><\/p>\n","protected":false},"author":2,"featured_media":51,"parent":0,"menu_order":0,"comment_status":"closed","ping_status":"closed","template":"","meta":{"neve_meta_sidebar":"","neve_meta_container":"","neve_meta_enable_content_width":"","neve_meta_content_width":0,"neve_meta_title_alignment":"","neve_meta_author_avatar":"","neve_post_elements_order":"","neve_meta_disable_header":"","neve_meta_disable_footer":"","neve_meta_disable_title":"","footnotes":""},"class_list":["post-112","page","type-page","status-publish","has-post-thumbnail","hentry"],"_links":{"self":[{"href":"https:\/\/sozial-support.ch\/index.php\/wp-json\/wp\/v2\/pages\/112","targetHints":{"allow":["GET"]}}],"collection":[{"href":"https:\/\/sozial-support.ch\/index.php\/wp-json\/wp\/v2\/pages"}],"about":[{"href":"https:\/\/sozial-support.ch\/index.php\/wp-json\/wp\/v2\/types\/page"}],"author":[{"embeddable":true,"href":"https:\/\/sozial-support.ch\/index.php\/wp-json\/wp\/v2\/users\/2"}],"replies":[{"embeddable":true,"href":"https:\/\/sozial-support.ch\/index.php\/wp-json\/wp\/v2\/comments?post=112"}],"version-history":[{"count":15,"href":"https:\/\/sozial-support.ch\/index.php\/wp-json\/wp\/v2\/pages\/112\/revisions"}],"predecessor-version":[{"id":323,"href":"https:\/\/sozial-support.ch\/index.php\/wp-json\/wp\/v2\/pages\/112\/revisions\/323"}],"wp:featuredmedia":[{"embeddable":true,"href":"https:\/\/sozial-support.ch\/index.php\/wp-json\/wp\/v2\/media\/51"}],"wp:attachment":[{"href":"https:\/\/sozial-support.ch\/index.php\/wp-json\/wp\/v2\/media?parent=112"}],"curies":[{"name":"wp","href":"https:\/\/api.w.org\/{rel}","templated":true}]}}