{"id":44,"date":"2021-01-13T19:13:26","date_gmt":"2021-01-13T19:13:26","guid":{"rendered":"https:\/\/sozialsupport.wordpress.com\/?page_id=3"},"modified":"2023-11-13T07:27:13","modified_gmt":"2023-11-13T07:27:13","slug":"home","status":"publish","type":"page","link":"https:\/\/sozial-support.ch\/","title":{"rendered":"Was wir tun"},"content":{"rendered":"\n<div class=\"wp-block-cover alignfull is-light is-style-default\" style=\"min-height:570px;aspect-ratio:unset;\"><span aria-hidden=\"true\" class=\"wp-block-cover__background has-background-background-color has-background-dim-0 has-background-dim\"><\/span><img loading=\"lazy\" decoding=\"async\" width=\"2560\" height=\"1164\" class=\"wp-block-cover__image-background wp-image-51\" alt=\"\" src=\"https:\/\/www.sozial-support.ch\/wp-content\/uploads\/2021\/01\/matthew-waring-mjaoiige14e-unsplash-kopie-scaled.jpg\" style=\"object-position:53% 81%\" data-object-fit=\"cover\" data-object-position=\"53% 81%\" srcset=\"https:\/\/sozial-support.ch\/wp-content\/uploads\/2021\/01\/matthew-waring-mjaoiige14e-unsplash-kopie-scaled.jpg 2560w, https:\/\/sozial-support.ch\/wp-content\/uploads\/2021\/01\/matthew-waring-mjaoiige14e-unsplash-kopie-300x136.jpg 300w, https:\/\/sozial-support.ch\/wp-content\/uploads\/2021\/01\/matthew-waring-mjaoiige14e-unsplash-kopie-1024x466.jpg 1024w, https:\/\/sozial-support.ch\/wp-content\/uploads\/2021\/01\/matthew-waring-mjaoiige14e-unsplash-kopie-768x349.jpg 768w, https:\/\/sozial-support.ch\/wp-content\/uploads\/2021\/01\/matthew-waring-mjaoiige14e-unsplash-kopie-1536x698.jpg 1536w, https:\/\/sozial-support.ch\/wp-content\/uploads\/2021\/01\/matthew-waring-mjaoiige14e-unsplash-kopie-2048x931.jpg 2048w\" sizes=\"auto, (max-width: 2560px) 100vw, 2560px\" \/><div class=\"wp-block-cover__inner-container is-layout-flow wp-block-cover-is-layout-flow\">\n<div class=\"wp-block-columns is-layout-flex wp-container-core-columns-is-layout-9d6595d7 wp-block-columns-is-layout-flex\">\n<div class=\"wp-block-column is-layout-flow wp-block-column-is-layout-flow\" style=\"flex-basis:66.66%\">\n<p class=\"has-text-color\" style=\"color:#04728e;font-size:24px;line-height:1.4\"><strong>Der Verein Sozial Support leistet Unterst\u00fctzung und Beratung bei psychosozialen Herausforderungen und legt einen Fokus auf Fragen der Sozialversicherungen<\/strong>.<\/p>\n\n\n\n<p class=\"has-text-color\" style=\"color:#04728e\">Wir unterst\u00fctzen Privatpersonen und stehen Fachpersonen anderer Disziplinen und Organisationen beratend zur Verf\u00fcgung.<\/p>\n<\/div>\n\n\n\n<div class=\"wp-block-column is-layout-flow wp-block-column-is-layout-flow\" style=\"flex-basis:33.33%\"><\/div>\n<\/div>\n<\/div><\/div>\n\n\n\n<div class=\"wp-block-group alignfull has-background-color has-text-color has-background\" style=\"background-color:#04728e\"><div class=\"wp-block-group__inner-container is-layout-flow wp-block-group-is-layout-flow\">\n<div style=\"height:25px\" aria-hidden=\"true\" class=\"wp-block-spacer\"><\/div>\n\n\n\n<h2 class=\"wp-block-heading has-text-align-left has-nv-site-bg-color has-text-color\">Beratungen<\/h2>\n\n\n\n<p class=\"has-nv-site-bg-color has-text-color\">Soziale Probleme stellen Herausforderungen im Alltag dar. Sie fordern und \u00fcberfordern uns teilweise. Die psychosoziale Beratung des Vereins Sozial Support unterst\u00fctzt und ber\u00e4t Sie gerne. Gemeinsam mit Ihnen suchen wir m\u00f6gliche L\u00f6sungen oder Formen des Umgangs in folgenden Bereichen:<\/p>\n\n\n\n<div class=\"wp-block-columns is-layout-flex wp-container-core-columns-is-layout-9d6595d7 wp-block-columns-is-layout-flex\">\n<div class=\"wp-block-column is-layout-flow wp-block-column-is-layout-flow\">\n<h4 class=\"wp-block-heading has-nv-site-bg-color has-text-color\">Sozialversicherungen<\/h4>\n\n\n\n<ul class=\"wp-block-list\">\n<li>Alters- und Hinterlassenenversicherung<\/li>\n\n\n\n<li>Invalidenversicherung<\/li>\n\n\n\n<li>Erg\u00e4nzungsleistungen<\/li>\n\n\n\n<li>Erwerbsersatzordnung und Mutterschaftsentsch\u00e4digung<\/li>\n\n\n\n<li>Arbeitslosenversicherung<\/li>\n\n\n\n<li>Berufliche Vorsorge<\/li>\n\n\n\n<li>Unfallversicherung<\/li>\n\n\n\n<li>Krankenversicherung<\/li>\n\n\n\n<li>Krankentaggeld<\/li>\n\n\n\n<li>Sozialhilfeberatung<\/li>\n<\/ul>\n<\/div>\n\n\n\n<div class=\"wp-block-column is-layout-flow wp-block-column-is-layout-flow\">\n<h4 class=\"wp-block-heading has-nv-site-bg-color has-text-color\">Alltagsbew\u00e4ltigung<\/h4>\n\n\n\n<ul class=\"wp-block-list\">\n<li>Gef\u00fchl von \u00dcber- oder Unterforderung<\/li>\n\n\n\n<li>Belastung und Entlastung<\/li>\n\n\n\n<li>Tagesstruktur<\/li>\n\n\n\n<li>Vereinsamung und soziale Kontakte<\/li>\n\n\n\n<li>Unsicherheit am Arbeitsplatz<\/li>\n\n\n\n<li>Heimeintritt<\/li>\n\n\n\n<li>Krankheit<\/li>\n\n\n\n<li>Sinnfragen<\/li>\n<\/ul>\n<\/div>\n<\/div>\n\n\n\n<p class=\"has-nv-site-bg-color has-text-color\">W\u00fcnschen Sie einen Kontakt, melden Sie sich mit Ihrem Anliegen. Je nach Situation bieten wir eine Kurzberatung an oder wir vereinbaren gemeinsam einen l\u00e4ngeren Beratungsprozess. S\u00e4mtliche Informationen bleiben zwischen Ihnen und der Beraterin. Diskretion ist Ihnen zugesichert. Ausnahmen bilden Situationen von Selbst- oder Fremdgef\u00e4hrdung. Sollten weitere Personen im Beratungsprozess hinzugezogen werden, wird die Beraterin von Ihnen eine schriftliche Einverst\u00e4ndniserkl\u00e4rung dazu erbeten.<\/p>\n\n\n\n<p class=\"has-nv-site-bg-color has-text-color\">Die Beratungen sind in der Regel kostenlos. Der Verein Sozial Support kann finanziell unterst\u00fctzt werden.  <\/p>\n\n\n\n<p class=\"has-nv-site-bg-color has-text-color\">Die Beratungen finden in pers\u00f6nlichen Gespr\u00e4chen statt. Kontaktieren Sie uns f\u00fcr eine Terminvereinbarung per E-Mail (<a href=\"mailto:info@sozial-support.ch\" target=\"_blank\" rel=\"noreferrer noopener\">info@sozial-support.ch<\/a>) oder per Telefon 076 761 65 09. <\/p>\n\n\n\n<div style=\"height:25px\" aria-hidden=\"true\" class=\"wp-block-spacer\"><\/div>\n<\/div><\/div>\n\n\n\n<div class=\"wp-block-group alignwide\"><div class=\"wp-block-group__inner-container is-layout-flow wp-block-group-is-layout-flow\">\n<div style=\"height:25px\" aria-hidden=\"true\" class=\"wp-block-spacer\"><\/div>\n\n\n\n<h2 class=\"wp-block-heading has-text-align-left\">Unsere Beraterin<\/h2>\n\n\n\n<p>Aktuell werden die Beratungen durch Monica Dormann angeboten.&nbsp;Die Beratung erfolgt nach sozialarbeiterischen Grunds\u00e4tzen. Ethische Richtlinien und Datenschutzbestimmungen werden dabei strikte eingehalten. Die Beratung ist gestaltet durch Wissensbest\u00e4nde aus weiteren Disziplinen. Der Umgang wird so gepflegt, dass m\u00f6gliche Traumatisierungen der Hilfesuchenden ber\u00fccksichtigt werden.<\/p>\n\n\n\n<div class=\"wp-block-columns has-2-columns is-layout-flex wp-container-core-columns-is-layout-9d6595d7 wp-block-columns-is-layout-flex\">\n<div class=\"wp-block-column is-layout-flow wp-block-column-is-layout-flow\">\n<figure class=\"wp-block-image size-large\"><img loading=\"lazy\" decoding=\"async\" width=\"710\" height=\"945\" src=\"https:\/\/www.sozial-support.ch\/wp-content\/uploads\/2021\/01\/monica-dormann.png\" alt=\"\" class=\"wp-image-48\" srcset=\"https:\/\/sozial-support.ch\/wp-content\/uploads\/2021\/01\/monica-dormann.png 710w, https:\/\/sozial-support.ch\/wp-content\/uploads\/2021\/01\/monica-dormann-225x300.png 225w\" sizes=\"auto, (max-width: 710px) 100vw, 710px\" \/><\/figure>\n<\/div>\n\n\n\n<div class=\"wp-block-column is-layout-flow wp-block-column-is-layout-flow\">\n<p><em>Aufgrund langj\u00e4hriger beruflicher Erfahrung stelle ich Ihnen gerne mein Wissen zur Verf\u00fcgung. Mir ist es wichtig, dass ich Ihnen dabei behilflich bin, die Herausforderungen des Alltags im psychosozialen Rahmen zu meistern. Dabei gehe ich vom Ansatz aus, so viel Unterst\u00fctzung wie notwendig und so wenig Hilfe wie m\u00f6glich zu leisten. Gerne zeige ich Zusammenh\u00e4nge im Sozialversicherungsbereich auf und gemeinsam mit Ihnen besprechen wir m\u00f6gliche Vorgehensweisen, wie sie sich Unterst\u00fctzung holen k\u00f6nnen. Mein Menschenbild ist gepr\u00e4gt vom bio-psycho-sozialen Modell. Auch bin ich offen f\u00fcr spirituelle Ans\u00e4tze. Ich gehe nicht davon aus, dass alle Probleme l\u00f6sbar sind. Hingegen macht es Sinn, nach einem m\u00f6glichst guten, integrierenden Ansatz derselben im Leben zu suchen. Darin will ich Sie gerne unterst\u00fctzen, beraten und begleiten.<\/em><\/p>\n\n\n\n<p class=\"has-neve-text-color-color has-text-color\">Informationen zu meinen Erfahrungen und meinem beruflichen Werdegang erhalten Sie direkt bei mir:<br><a href=\"mailto:info@sozial-support.ch\" target=\"_blank\" rel=\"noreferrer noopener\">info@sozial-support.ch<\/a><\/p>\n<\/div>\n<\/div>\n<\/div><\/div>\n\n\n\n<div class=\"wp-block-group alignfull has-neve-link-hover-color-background-color has-background\"><div class=\"wp-block-group__inner-container is-layout-flow wp-block-group-is-layout-flow\">\n<div style=\"height:25px\" aria-hidden=\"true\" class=\"wp-block-spacer\"><\/div>\n\n\n\n<h2 class=\"wp-block-heading\">Kontaktaufnahme<\/h2>\n\n\n\n<p>Beratungen erfolgen in einem pers\u00f6nlichen Gespr\u00e4ch. Kontaktieren Sie uns f\u00fcr einen Termin per E-Mail (<a href=\"mailto:info@sozial-support.ch\" target=\"_blank\" rel=\"noreferrer noopener\">info@sozial-support.ch<\/a>) oder per Telefon 076 761 65 09. <\/p>\n\n\n\n<div style=\"height:25px\" aria-hidden=\"true\" class=\"wp-block-spacer\"><\/div>\n<\/div><\/div>\n\n\n\n<div class=\"wp-block-cover alignfull is-style-default\" style=\"min-height:608px;aspect-ratio:unset;\"><span aria-hidden=\"true\" class=\"wp-block-cover__background has-neve-link-color-background-color has-background-dim-100 has-background-dim\"><\/span><div class=\"wp-block-cover__inner-container is-layout-flow wp-block-cover-is-layout-flow\">\n<div class=\"wp-block-jetpack-layout-grid alignfull column1-desktop-grid__span-3 column1-desktop-grid__start-3 column1-desktop-grid__row-1 column2-desktop-grid__span-4 column2-desktop-grid__start-6 column2-desktop-grid__row-1 column1-tablet-grid__span-4 column1-tablet-grid__row-1 column2-tablet-grid__span-4 column2-tablet-grid__start-5 column2-tablet-grid__row-1 column1-mobile-grid__span-4 column1-mobile-grid__row-1 column2-mobile-grid__span-4 column2-mobile-grid__row-2\">\n<div class=\"wp-block-jetpack-layout-grid-column wp-block-jetpack-layout-grid__padding-none\"><div class=\"wp-block-image\">\n<figure class=\"aligncenter size-large\"><img loading=\"lazy\" decoding=\"async\" width=\"1024\" height=\"768\" src=\"https:\/\/www.sozial-support.ch\/wp-content\/uploads\/2021\/03\/Logo_Sozial-Support-1024x768.png\" alt=\"\" class=\"wp-image-284\" srcset=\"https:\/\/sozial-support.ch\/wp-content\/uploads\/2021\/03\/Logo_Sozial-Support-1024x768.png 1024w, https:\/\/sozial-support.ch\/wp-content\/uploads\/2021\/03\/Logo_Sozial-Support-300x225.png 300w, https:\/\/sozial-support.ch\/wp-content\/uploads\/2021\/03\/Logo_Sozial-Support-768x576.png 768w, https:\/\/sozial-support.ch\/wp-content\/uploads\/2021\/03\/Logo_Sozial-Support.png 1280w\" sizes=\"auto, (max-width: 1024px) 100vw, 1024px\" \/><\/figure>\n<\/div>\n\n\n<p class=\"has-text-align-right has-neve-text-color-color has-text-color has-small-font-size\">info@sozial-support.ch<br>076 761 65 09<br>H\u00f6henweg 3<br>4657 Dulliken<\/p>\n\n\n\n<p class=\"has-text-align-right has-neve-text-color-color has-text-color has-small-font-size\">Sie erreichen uns am Besten mit dem \u00d6V <br>(Bus-Haltestelle Dulliken Zentrum).<br>Ansonsten stehen Parkpl\u00e4tze neben der <br>\u00d6V-Haltestelle zur Verf\u00fcgung. <\/p>\n\n\n\n<p class=\"has-text-align-right has-neve-text-color-color has-text-color has-small-font-size\">Spenden:<br>Raiffeisenbank Dulliken-Starrkirch<br>Verein Sozial Support<br>IBAN: <mark style=\"background-color:rgba(0, 0, 0, 0)\" class=\"has-inline-color has-nv-dark-bg-color\">CH2280808005281720615<\/mark><\/p>\n<\/div>\n\n\n\n<div class=\"wp-block-jetpack-layout-grid-column wp-block-jetpack-layout-grid__padding-none\">\n<div style=\"height:132px\" aria-hidden=\"true\" class=\"wp-block-spacer\"><\/div>\n\n\n\n<iframe src=\"https:\/\/www.google.com\/maps\/embed?pb=!1m14!1m8!1m3!1d3146.668704788547!2d7.9401772!3d47.3499132!3m2!1i1024!2i768!4f13.1!3m3!1m2!1s0x47903012bb36f171%3A0x794d471b5de4676d!2sH%C3%B6henweg%203%2C%204657%20Dulliken!5e1!3m2!1sen!2sch!4v1616445193192!5m2!1sen!2sch\" style=\"border:0;\" allowfullscreen=\"\" loading=\"lazy\" width=\"600\" height=\"450\"><\/iframe>\n<\/div>\n<\/div>\n\n\n\n<p><\/p>\n<\/div><\/div>\n","protected":false},"excerpt":{"rendered":"<p>Beratungen Soziale Probleme stellen Herausforderungen im Alltag dar. Sie fordern und \u00fcberfordern uns teilweise. Die psychosoziale Beratung des Vereins Sozial Support unterst\u00fctzt und ber\u00e4t Sie gerne. Gemeinsam mit Ihnen suchen wir m\u00f6gliche L\u00f6sungen oder Formen des Umgangs in folgenden Bereichen: Sozialversicherungen Alltagsbew\u00e4ltigung W\u00fcnschen Sie einen Kontakt, melden Sie sich mit Ihrem Anliegen. Je nach Situation&hellip;&nbsp;<a href=\"https:\/\/sozial-support.ch\/\" rel=\"bookmark\">Weiterlesen &raquo;<span class=\"screen-reader-text\">Was wir tun<\/span><\/a><\/p>\n","protected":false},"author":2,"featured_media":0,"parent":0,"menu_order":0,"comment_status":"closed","ping_status":"closed","template":"","meta":{"neve_meta_sidebar":"","neve_meta_container":"","neve_meta_enable_content_width":"","neve_meta_content_width":0,"neve_meta_title_alignment":"","neve_meta_author_avatar":"","neve_post_elements_order":"","neve_meta_disable_header":"","neve_meta_disable_footer":"","neve_meta_disable_title":"","footnotes":""},"class_list":["post-44","page","type-page","status-publish","hentry"],"_links":{"self":[{"href":"https:\/\/sozial-support.ch\/index.php\/wp-json\/wp\/v2\/pages\/44","targetHints":{"allow":["GET"]}}],"collection":[{"href":"https:\/\/sozial-support.ch\/index.php\/wp-json\/wp\/v2\/pages"}],"about":[{"href":"https:\/\/sozial-support.ch\/index.php\/wp-json\/wp\/v2\/types\/page"}],"author":[{"embeddable":true,"href":"https:\/\/sozial-support.ch\/index.php\/wp-json\/wp\/v2\/users\/2"}],"replies":[{"embeddable":true,"href":"https:\/\/sozial-support.ch\/index.php\/wp-json\/wp\/v2\/comments?post=44"}],"version-history":[{"count":46,"href":"https:\/\/sozial-support.ch\/index.php\/wp-json\/wp\/v2\/pages\/44\/revisions"}],"predecessor-version":[{"id":345,"href":"https:\/\/sozial-support.ch\/index.php\/wp-json\/wp\/v2\/pages\/44\/revisions\/345"}],"wp:attachment":[{"href":"https:\/\/sozial-support.ch\/index.php\/wp-json\/wp\/v2\/media?parent=44"}],"curies":[{"name":"wp","href":"https:\/\/api.w.org\/{rel}","templated":true}]}}